{"id":8,"date":"2024-11-08T19:49:51","date_gmt":"2024-11-08T19:49:51","guid":{"rendered":"https:\/\/dcs-chile.cl\/web\/?page_id=8"},"modified":"2026-03-31T20:39:07","modified_gmt":"2026-03-31T20:39:07","slug":"inicio","status":"publish","type":"page","link":"https:\/\/dcs-chile.cl\/web\/","title":{"rendered":"Inicio"},"content":{"rendered":"<p>[et_pb_section fb_built=\u00bb1&#8243; fullwidth=\u00bbon\u00bb _builder_version=\u00bb4.27.3&#8243; _module_preset=\u00bbdefault\u00bb global_colors_info=\u00bb{}\u00bb][et_pb_fullwidth_slider _builder_version=\u00bb4.27.4&#8243; _module_preset=\u00bbdefault\u00bb global_colors_info=\u00bb{}\u00bb][et_pb_slide heading=\u00bbCIBERSEGURIDAD\u00bb button_text=\u00bbVer m\u00e1s\u00bb button_link=\u00bbhttps:\/\/dcs-chile.cl\/web\/index.php\/framework-dcs-nist-2-0\/\u00bb use_bg_overlay=\u00bbon\u00bb _builder_version=\u00bb4.27.4&#8243; _module_preset=\u00bbdefault\u00bb background_image=\u00bbhttps:\/\/dcs-chile.cl\/web\/wp-content\/uploads\/2024\/12\/slideoutsourcing.jpg\u00bb background_enable_image=\u00bbon\u00bb global_colors_info=\u00bb{}\u00bb sticky_transition=\u00bbon\u00bb]<\/p>\n<p><strong>Framework DCS NIST CSF 2.0 \/ Protecci\u00f3n Datos Personales \/ ISO 27001 \/ Ethical Hacking<\/strong><\/p>\n<p>[\/et_pb_slide][et_pb_slide heading=\u00bbCONTRATACI\u00d3N DE PERSONAL\u00bb button_text=\u00bbVer m\u00e1s\u00bb button_link=\u00bbhttps:\/\/dcs-chile.cl\/web\/index.php\/subcontratacion\/\u00bb use_bg_overlay=\u00bbon\u00bb _builder_version=\u00bb4.27.4&#8243; _module_preset=\u00bbdefault\u00bb background_image=\u00bbhttps:\/\/dcs-chile.cl\/web\/wp-content\/uploads\/2024\/11\/SLIDE4.jpg\u00bb background_enable_image=\u00bbon\u00bb global_colors_info=\u00bb{}\u00bb sticky_transition=\u00bbon\u00bb]<\/p>\n<h4>Deja en manos de expertos la contrataci\u00f3n de nuevos talentos para el personal de tu empresa, cont\u00e1ctanos y te asesoraremos.<\/h4>\n<p>[\/et_pb_slide][et_pb_slide heading=\u00bbOUTSOURCING Y DESARROLLO IT\u00bb button_text=\u00bbVer m\u00e1s\u00bb button_link=\u00bbhttps:\/\/dcs-chile.cl\/web\/index.php\/administracion-de-infraestructura-ti\/\u00bb _builder_version=\u00bb4.27.4&#8243; _module_preset=\u00bbdefault\u00bb background_image=\u00bbhttps:\/\/dcs-chile.cl\/web\/wp-content\/uploads\/2024\/12\/SUBCONTRATACION.jpg\u00bb background_enable_image=\u00bbon\u00bb parallax=\u00bbon\u00bb global_colors_info=\u00bb{}\u00bb sticky_transition=\u00bbon\u00bb]<\/p>\n<p><strong>Conoce todas las opciones que tenemos, consulta con nuestros expertos que te atender\u00e1n y orientar\u00e1n en tus dudas.<\/strong><\/p>\n<p>[\/et_pb_slide][\/et_pb_fullwidth_slider][\/et_pb_section][et_pb_section fb_built=\u00bb1&#8243; _builder_version=\u00bb4.27.3&#8243; _module_preset=\u00bbdefault\u00bb global_colors_info=\u00bb{}\u00bb][et_pb_row column_structure=\u00bb1_2,1_2&#8243; _builder_version=\u00bb4.27.3&#8243; _module_preset=\u00bbdefault\u00bb global_colors_info=\u00bb{}\u00bb][et_pb_column type=\u00bb1_2&#8243; _builder_version=\u00bb4.27.3&#8243; _module_preset=\u00bbdefault\u00bb global_colors_info=\u00bb{}\u00bb][et_pb_image src=\u00bbhttps:\/\/dcs-chile.cl\/web\/wp-content\/uploads\/2024\/11\/ads-phone.jpg\u00bb title_text=\u00bbads-phone\u00bb _builder_version=\u00bb4.27.3&#8243; _module_preset=\u00bbdefault\u00bb global_colors_info=\u00bb{}\u00bb][\/et_pb_image][\/et_pb_column][et_pb_column type=\u00bb1_2&#8243; _builder_version=\u00bb4.27.3&#8243; _module_preset=\u00bbdefault\u00bb global_colors_info=\u00bb{}\u00bb][et_pb_text _builder_version=\u00bb4.27.3&#8243; _module_preset=\u00bbdefault\u00bb global_colors_info=\u00bb{}\u00bb]<\/p>\n<h2>DCS Chile<\/h2>\n<p>[\/et_pb_text][et_pb_text _builder_version=\u00bb4.27.4&#8243; _module_preset=\u00bbdefault\u00bb global_colors_info=\u00bb{}\u00bb]<\/p>\n<p style=\"text-align: justify;\"><b>Presente en Ginebra desde 1973, y en Chile desde el 2006<\/b><span>, Data Conversion Service SA es una compa\u00f1\u00eda que presta servicios inform\u00e1ticos y Reclutamiento de RRHH. La misi\u00f3n de DCS es apoyar a sus clientes en el desarrollo sus actividades, tomando a cargo las tareas no productivas de sus clientes, y proporcionarles servicios de apoyo que van desde la mantenci\u00f3n y administraci\u00f3n de la infraestructura de TI hasta la conformaci\u00f3n de equipos de trabajo mediante procesos de reclutamiento y selecci\u00f3n. Actualmente cuenta con un personal de m\u00e1s de 150 personas repartidas entre Suiza y Chile.<\/span><\/p>\n<p><span><\/span><\/p>\n<div class=\"col-md-6 left-50\">\n<div class=\"fes2-main-text-cont\">\n<div class=\"fes2-text-cont\"><b>La clientela de DCS es muy variada:<\/b><span>\u00a0<\/span>Organismos Internacionales, Multinacionales, Industrias, Hospitales, compa\u00f1\u00edas de log\u00edstica, Empresas del Retail, peque\u00f1as y medianas Empresa, etc&#8230;<\/div>\n<div class=\"mt-30\"><\/div>\n<\/div>\n<\/div>\n<p>[\/et_pb_text][\/et_pb_column][\/et_pb_row][\/et_pb_section][et_pb_section fb_built=\u00bb1&#8243; _builder_version=\u00bb4.27.4&#8243; _module_preset=\u00bbdefault\u00bb background_color=\u00bb#e8e8e8&#8243; global_colors_info=\u00bb{}\u00bb][et_pb_row column_structure=\u00bb1_3,1_3,1_3&#8243; _builder_version=\u00bb4.27.4&#8243; _module_preset=\u00bbdefault\u00bb global_colors_info=\u00bb{}\u00bb][et_pb_column type=\u00bb1_3&#8243; _builder_version=\u00bb4.27.4&#8243; _module_preset=\u00bbdefault\u00bb global_colors_info=\u00bb{}\u00bb][et_pb_image src=\u00bbhttps:\/\/dcs-chile.cl\/web\/wp-content\/uploads\/2024\/12\/outsourcingservicio.jpg\u00bb title_text=\u00bboutsourcingservicio\u00bb _builder_version=\u00bb4.27.4&#8243; _module_preset=\u00bbdefault\u00bb global_colors_info=\u00bb{}\u00bb][\/et_pb_image][et_pb_text _builder_version=\u00bb4.27.4&#8243; _module_preset=\u00bbdefault\u00bb text_orientation=\u00bbcenter\u00bb global_colors_info=\u00bb{}\u00bb]<\/p>\n<h3>Outsourcing y Servicios TI<\/h3>\n<p>[\/et_pb_text][et_pb_text _builder_version=\u00bb4.27.4&#8243; _module_preset=\u00bbdefault\u00bb global_colors_info=\u00bb{}\u00bb]<\/p>\n<p style=\"text-align: justify;\"><span>Externalizar es ante todo otorgar un voto de confianza hacia un aliado de negocios. DCS entrega diferentes servicios de subcontrataci\u00f3n (Gesti\u00f3n Administrativa, Mesa de Ayuda, Externalizaci\u00f3n de Departamentos de TI, Proyectos Inform\u00e1ticos, etc&#8230;) para permitirle ganar tiempo, optimizar vuestros costos, vuestros presupuestos y lograr vuestros objetivos.<\/span><\/p>\n<p>[\/et_pb_text][et_pb_button button_url=\u00bbhttps:\/\/dcs-chile.cl\/web\/index.php\/administracion-de-infraestructura-ti\/\u00bb button_text=\u00bbVer m\u00e1s&#8230;\u00bb button_alignment=\u00bbcenter\u00bb _builder_version=\u00bb4.27.4&#8243; _module_preset=\u00bbdefault\u00bb custom_button=\u00bbon\u00bb button_text_size=\u00bb12px\u00bb button_bg_color=\u00bb#28660E\u00bb button_font=\u00bb||||||||\u00bb button_icon=\u00bb&#x24;||divi||400&#8243; background_layout=\u00bbdark\u00bb global_colors_info=\u00bb{}\u00bb][\/et_pb_button][\/et_pb_column][et_pb_column type=\u00bb1_3&#8243; _builder_version=\u00bb4.27.4&#8243; _module_preset=\u00bbdefault\u00bb global_colors_info=\u00bb{}\u00bb][et_pb_image src=\u00bbhttps:\/\/dcs-chile.cl\/web\/wp-content\/uploads\/2024\/12\/subcontratacionservicio.jpg\u00bb title_text=\u00bbsubcontratacionservicio\u00bb _builder_version=\u00bb4.27.4&#8243; _module_preset=\u00bbdefault\u00bb global_colors_info=\u00bb{}\u00bb][\/et_pb_image][et_pb_text _builder_version=\u00bb4.27.4&#8243; _module_preset=\u00bbdefault\u00bb text_orientation=\u00bbcenter\u00bb global_colors_info=\u00bb{}\u00bb]<\/p>\n<h3>Subcontrataci\u00f3n, EST, Reclutamiento y Selecci\u00f3n.<\/h3>\n<p>[\/et_pb_text][et_pb_text _builder_version=\u00bb4.27.4&#8243; _module_preset=\u00bbdefault\u00bb custom_margin=\u00bb-21px|||||\u00bb global_colors_info=\u00bb{}\u00bb]<\/p>\n<p style=\"text-align: justify;\"><span>DCS ofrece un servicio personalizado de reclutamiento y selecci\u00f3n de personal administrativos y de TI. Ya sea para subcontrataci\u00f3n o solo para la b\u00fasqueda y posterior contrataci\u00f3n por parte del cliente. Adem\u00e1s, contamos con una Empresa de Servicios Transitorios EST. Todo lo anterior bajo est\u00e1ndares de calidad y con procesos definidos y exitosamente probados.<\/span><\/p>\n<p>[\/et_pb_text][et_pb_button button_url=\u00bbhttps:\/\/dcs-chile.cl\/web\/index.php\/subcontratacion\/\u00bb button_text=\u00bbVer m\u00e1s&#8230;\u00bb button_alignment=\u00bbcenter\u00bb _builder_version=\u00bb4.27.4&#8243; _module_preset=\u00bbdefault\u00bb custom_button=\u00bbon\u00bb button_text_size=\u00bb12px\u00bb button_bg_color=\u00bb#28660E\u00bb button_font=\u00bb||||||||\u00bb button_icon=\u00bb&#x24;||divi||400&#8243; background_layout=\u00bbdark\u00bb global_colors_info=\u00bb{}\u00bb][\/et_pb_button][\/et_pb_column][et_pb_column type=\u00bb1_3&#8243; _builder_version=\u00bb4.27.4&#8243; _module_preset=\u00bbdefault\u00bb global_colors_info=\u00bb{}\u00bb][et_pb_image src=\u00bbhttps:\/\/dcs-chile.cl\/web\/wp-content\/uploads\/2024\/12\/ciberseguridadservicio.jpg\u00bb alt=\u00bbCiberseguridad\u00bb title_text=\u00bbciberseguridadservicio\u00bb _builder_version=\u00bb4.27.4&#8243; _module_preset=\u00bbdefault\u00bb global_colors_info=\u00bb{}\u00bb][\/et_pb_image][et_pb_text _builder_version=\u00bb4.27.4&#8243; _module_preset=\u00bbdefault\u00bb text_orientation=\u00bbcenter\u00bb global_colors_info=\u00bb{}\u00bb]<\/p>\n<h3>Ciberseguridad<\/h3>\n<p>[\/et_pb_text][et_pb_text _builder_version=\u00bb4.27.4&#8243; _module_preset=\u00bbdefault\u00bb global_colors_info=\u00bb{}\u00bb]<\/p>\n<p style=\"text-align: justify;\"><span>La seguridad inform\u00e1tica (Cybersecurity) es un reto para todas las organizaciones y la sociedad. Para solucionarlo y alcanzar niveles aceptables de resiliencia, se requiere una combinaci\u00f3n de medidas tecnol\u00f3gicas, de gesti\u00f3n, legales y humanas, que est\u00e9n directamente relacionadas con los requerimientos de la empresa, el sector en que se desenvuelve, y quienes se benefician de sus productos y servicios.<\/span><\/p>\n<p>[\/et_pb_text][et_pb_button button_url=\u00bbhttps:\/\/dcs-chile.cl\/web\/index.php\/framework-dcs-nist-2-0\/\u00bb button_text=\u00bbVer m\u00e1s&#8230;\u00bb button_alignment=\u00bbcenter\u00bb _builder_version=\u00bb4.27.4&#8243; _module_preset=\u00bbdefault\u00bb custom_button=\u00bbon\u00bb button_text_size=\u00bb12px\u00bb button_bg_color=\u00bb#28660E\u00bb button_font=\u00bb||||||||\u00bb button_icon=\u00bb&#x24;||divi||400&#8243; background_layout=\u00bbdark\u00bb global_colors_info=\u00bb{}\u00bb][\/et_pb_button][\/et_pb_column][\/et_pb_row][\/et_pb_section][et_pb_section fb_built=\u00bb1&#8243; _builder_version=\u00bb4.27.4&#8243; _module_preset=\u00bbdefault\u00bb global_colors_info=\u00bb{}\u00bb][et_pb_row column_structure=\u00bb1_3,1_3,1_3&#8243; _builder_version=\u00bb4.27.4&#8243; _module_preset=\u00bbdefault\u00bb global_colors_info=\u00bb{}\u00bb][et_pb_column type=\u00bb1_3&#8243; _builder_version=\u00bb4.27.4&#8243; _module_preset=\u00bbdefault\u00bb global_colors_info=\u00bb{}\u00bb][et_pb_circle_counter title=\u00bbEmpleados\u00bb number=\u00bb+150&#8243; percent_sign=\u00bboff\u00bb _builder_version=\u00bb4.27.4&#8243; _module_preset=\u00bbdefault\u00bb width=\u00bb34%\u00bb global_colors_info=\u00bb{}\u00bb][\/et_pb_circle_counter][\/et_pb_column][et_pb_column type=\u00bb1_3&#8243; _builder_version=\u00bb4.27.4&#8243; _module_preset=\u00bbdefault\u00bb global_colors_info=\u00bb{}\u00bb][et_pb_circle_counter title=\u00bbClientes satisfechos\u00bb number=\u00bb207&#8243; percent_sign=\u00bboff\u00bb _builder_version=\u00bb4.27.4&#8243; _module_preset=\u00bbdefault\u00bb width=\u00bb34%\u00bb global_colors_info=\u00bb{}\u00bb][\/et_pb_circle_counter][\/et_pb_column][et_pb_column type=\u00bb1_3&#8243; _builder_version=\u00bb4.27.4&#8243; _module_preset=\u00bbdefault\u00bb global_colors_info=\u00bb{}\u00bb][et_pb_circle_counter title=\u00bbProyectos Outsourcing\u00bb number=\u00bb345&#8243; percent_sign=\u00bboff\u00bb _builder_version=\u00bb4.27.4&#8243; _module_preset=\u00bbdefault\u00bb width=\u00bb34%\u00bb global_colors_info=\u00bb{}\u00bb][\/et_pb_circle_counter][\/et_pb_column][\/et_pb_row][\/et_pb_section][et_pb_section fb_built=\u00bb1&#8243; _builder_version=\u00bb4.27.4&#8243; _module_preset=\u00bbdefault\u00bb background_image=\u00bbhttps:\/\/dcs-chile.cl\/web\/wp-content\/uploads\/2024\/12\/bannerback2.jpg\u00bb global_colors_info=\u00bb{}\u00bb][et_pb_row column_structure=\u00bb3_4,1_4&#8243; _builder_version=\u00bb4.27.4&#8243; _module_preset=\u00bbdefault\u00bb global_colors_info=\u00bb{}\u00bb][et_pb_column type=\u00bb3_4&#8243; _builder_version=\u00bb4.27.4&#8243; _module_preset=\u00bbdefault\u00bb global_colors_info=\u00bb{}\u00bb][et_pb_text _builder_version=\u00bb4.27.4&#8243; _module_preset=\u00bbdefault\u00bb text_font=\u00bb|||on|||||\u00bb text_text_color=\u00bb#FFFFFF\u00bb text_font_size=\u00bb39px\u00bb custom_margin=\u00bb11px||0px||false|false\u00bb text_text_shadow_style=\u00bbpreset1&#8243; global_colors_info=\u00bb{}\u00bb]<\/p>\n<p>ESTAMOS ESPERANDO TU LLAMADO<\/p>\n<p>[\/et_pb_text][\/et_pb_column][et_pb_column type=\u00bb1_4&#8243; _builder_version=\u00bb4.27.4&#8243; _module_preset=\u00bbdefault\u00bb global_colors_info=\u00bb{}\u00bb][et_pb_button button_text=\u00bbCont\u00e1ctanos\u00bb _builder_version=\u00bb4.27.4&#8243; _module_preset=\u00bbdefault\u00bb custom_button=\u00bbon\u00bb button_text_color=\u00bb#FFFFFF\u00bb button_bg_color=\u00bb#28660E\u00bb global_colors_info=\u00bb{}\u00bb][\/et_pb_button][\/et_pb_column][\/et_pb_row][\/et_pb_section]<\/p>\n","protected":false},"excerpt":{"rendered":"<p>Framework DCS NIST CSF 2.0 \/ Protecci\u00f3n Datos Personales \/ ISO 27001 \/ Ethical HackingDeja en manos de expertos la contrataci\u00f3n de nuevos talentos para el personal de tu empresa, cont\u00e1ctanos y te asesoraremos.Conoce todas las opciones que tenemos, consulta con nuestros expertos que te atender\u00e1n y orientar\u00e1n en tus dudas.DCS ChilePresente en Ginebra desde [&hellip;]<\/p>\n","protected":false},"author":1,"featured_media":0,"parent":0,"menu_order":0,"comment_status":"closed","ping_status":"closed","template":"","meta":{"_et_pb_use_builder":"on","_et_pb_old_content":"","_et_gb_content_width":"","footnotes":""},"class_list":["post-8","page","type-page","status-publish","hentry"],"jetpack_sharing_enabled":true,"_links":{"self":[{"href":"https:\/\/dcs-chile.cl\/web\/index.php\/wp-json\/wp\/v2\/pages\/8","targetHints":{"allow":["GET"]}}],"collection":[{"href":"https:\/\/dcs-chile.cl\/web\/index.php\/wp-json\/wp\/v2\/pages"}],"about":[{"href":"https:\/\/dcs-chile.cl\/web\/index.php\/wp-json\/wp\/v2\/types\/page"}],"author":[{"embeddable":true,"href":"https:\/\/dcs-chile.cl\/web\/index.php\/wp-json\/wp\/v2\/users\/1"}],"replies":[{"embeddable":true,"href":"https:\/\/dcs-chile.cl\/web\/index.php\/wp-json\/wp\/v2\/comments?post=8"}],"version-history":[{"count":26,"href":"https:\/\/dcs-chile.cl\/web\/index.php\/wp-json\/wp\/v2\/pages\/8\/revisions"}],"predecessor-version":[{"id":390,"href":"https:\/\/dcs-chile.cl\/web\/index.php\/wp-json\/wp\/v2\/pages\/8\/revisions\/390"}],"wp:attachment":[{"href":"https:\/\/dcs-chile.cl\/web\/index.php\/wp-json\/wp\/v2\/media?parent=8"}],"curies":[{"name":"wp","href":"https:\/\/api.w.org\/{rel}","templated":true}]}}