{"id":37,"date":"2024-11-11T18:53:22","date_gmt":"2024-11-11T18:53:22","guid":{"rendered":"https:\/\/dcs-chile.cl\/web\/?page_id=37"},"modified":"2025-01-01T00:11:48","modified_gmt":"2025-01-01T00:11:48","slug":"reclutamiento","status":"publish","type":"page","link":"https:\/\/dcs-chile.cl\/web\/index.php\/reclutamiento\/","title":{"rendered":"Reclutamiento"},"content":{"rendered":"<p>[et_pb_section fb_built=\u00bb1&#8243; admin_label=\u00bbsection\u00bb _builder_version=\u00bb4.27.4&#8243; background_image=\u00bbhttps:\/\/dcs-chile.cl\/web\/wp-content\/uploads\/2025\/01\/reclutamiento.png\u00bb custom_padding=\u00bb||134px|||\u00bb global_colors_info=\u00bb{}\u00bb][et_pb_row admin_label=\u00bbrow\u00bb _builder_version=\u00bb4.16&#8243; background_size=\u00bbinitial\u00bb background_position=\u00bbtop_left\u00bb background_repeat=\u00bbrepeat\u00bb global_colors_info=\u00bb{}\u00bb][et_pb_column type=\u00bb4_4&#8243; _builder_version=\u00bb4.16&#8243; custom_padding=\u00bb|||\u00bb global_colors_info=\u00bb{}\u00bb custom_padding__hover=\u00bb|||\u00bb][et_pb_heading title=\u00bbReclutamiento y Selecci\u00f3n\u00bb _builder_version=\u00bb4.27.4&#8243; _module_preset=\u00bbdefault\u00bb title_text_color=\u00bb#FFFFFF\u00bb title_font_size=\u00bb78px\u00bb title_text_shadow_style=\u00bbpreset1&#8243; global_colors_info=\u00bb{}\u00bb][\/et_pb_heading][\/et_pb_column][\/et_pb_row][\/et_pb_section][et_pb_section fb_built=\u00bb1&#8243; theme_builder_area=\u00bbpost_content\u00bb _builder_version=\u00bb4.27.4&#8243; _module_preset=\u00bbdefault\u00bb][et_pb_row _builder_version=\u00bb4.27.4&#8243; _module_preset=\u00bbdefault\u00bb column_structure=\u00bb1_2,1_2&#8243; theme_builder_area=\u00bbpost_content\u00bb][et_pb_column _builder_version=\u00bb4.27.4&#8243; _module_preset=\u00bbdefault\u00bb type=\u00bb1_2&#8243; theme_builder_area=\u00bbpost_content\u00bb][et_pb_text _builder_version=\u00bb4.27.4&#8243; _module_preset=\u00bbdefault\u00bb theme_builder_area=\u00bbpost_content\u00bb hover_enabled=\u00bb0&#8243; sticky_enabled=\u00bb0&#8243;]<\/p>\n<p><b>Efectuamos selecci\u00f3n de candidatos precisas ya que nuestro rol es de restringir la b\u00fasqueda de manera de proponer el mejor perfil posible. Queremos garantizar una adecuaci\u00f3n optima entre el cargo asociado a la b\u00fasqueda y su futuro personal.<\/b><span><\/span><\/p>\n<p><span>Nuestro objetivo, una vez mas, es hacerle ganar tiempo. Proponemos un servicio de b\u00fasqueda a nivel ejecutivo, orient\u00e1ndolo a perfiles que se encuentran en el mercado para as\u00ed encontrar candidatos inmediatamente operacionales.<\/span><\/p>\n<p>[\/et_pb_text][\/et_pb_column][et_pb_column _builder_version=\u00bb4.27.4&#8243; _module_preset=\u00bbdefault\u00bb type=\u00bb1_2&#8243; theme_builder_area=\u00bbpost_content\u00bb][et_pb_text _builder_version=\u00bb4.27.4&#8243; _module_preset=\u00bbdefault\u00bb theme_builder_area=\u00bbpost_content\u00bb hover_enabled=\u00bb0&#8243; sticky_enabled=\u00bb0&#8243;]<\/p>\n<h2>Ventajas de nuestro servicio<\/h2>\n<ul>\n<li>Gesti\u00f3n personalizada<\/li>\n<li>Amplia experiencia en el rubro.<\/li>\n<li>R\u00e1pida capacidad de reacci\u00f3n ante sus requerimientos<\/li>\n<li>Gesti\u00f3n de apoyo permanente para su empresa<\/li>\n<li>Compromiso de satisfacci\u00f3n con nuestros clientes<\/li>\n<li>Servicio Garantizado<\/li>\n<\/ul>\n<p>[\/et_pb_text][\/et_pb_column][\/et_pb_row][et_pb_row _builder_version=\u00bb4.27.4&#8243; _module_preset=\u00bbdefault\u00bb theme_builder_area=\u00bbpost_content\u00bb][et_pb_column _builder_version=\u00bb4.27.4&#8243; _module_preset=\u00bbdefault\u00bb type=\u00bb4_4&#8243; theme_builder_area=\u00bbpost_content\u00bb][et_pb_image src=\u00bbhttps:\/\/dcs-chile.cl\/web\/wp-content\/uploads\/2025\/01\/flujoreclutamiento.jpg\u00bb _builder_version=\u00bb4.27.4&#8243; _module_preset=\u00bbdefault\u00bb theme_builder_area=\u00bbpost_content\u00bb title_text=\u00bbflujoreclutamiento\u00bb hover_enabled=\u00bb0&#8243; sticky_enabled=\u00bb0&#8243;][\/et_pb_image][\/et_pb_column][\/et_pb_row][\/et_pb_section]<\/p>\n","protected":false},"excerpt":{"rendered":"<p>Efectuamos selecci\u00f3n de candidatos precisas ya que nuestro rol es de restringir la b\u00fasqueda de manera de proponer el mejor perfil posible. Queremos garantizar una adecuaci\u00f3n optima entre el cargo asociado a la b\u00fasqueda y su futuro personal. Nuestro objetivo, una vez mas, es hacerle ganar tiempo. Proponemos un servicio de b\u00fasqueda a nivel ejecutivo, [&hellip;]<\/p>\n","protected":false},"author":1,"featured_media":0,"parent":0,"menu_order":0,"comment_status":"closed","ping_status":"closed","template":"","meta":{"_et_pb_use_builder":"on","_et_pb_old_content":"","_et_gb_content_width":"","footnotes":""},"class_list":["post-37","page","type-page","status-publish","hentry"],"jetpack_sharing_enabled":true,"_links":{"self":[{"href":"https:\/\/dcs-chile.cl\/web\/index.php\/wp-json\/wp\/v2\/pages\/37","targetHints":{"allow":["GET"]}}],"collection":[{"href":"https:\/\/dcs-chile.cl\/web\/index.php\/wp-json\/wp\/v2\/pages"}],"about":[{"href":"https:\/\/dcs-chile.cl\/web\/index.php\/wp-json\/wp\/v2\/types\/page"}],"author":[{"embeddable":true,"href":"https:\/\/dcs-chile.cl\/web\/index.php\/wp-json\/wp\/v2\/users\/1"}],"replies":[{"embeddable":true,"href":"https:\/\/dcs-chile.cl\/web\/index.php\/wp-json\/wp\/v2\/comments?post=37"}],"version-history":[{"count":6,"href":"https:\/\/dcs-chile.cl\/web\/index.php\/wp-json\/wp\/v2\/pages\/37\/revisions"}],"predecessor-version":[{"id":198,"href":"https:\/\/dcs-chile.cl\/web\/index.php\/wp-json\/wp\/v2\/pages\/37\/revisions\/198"}],"wp:attachment":[{"href":"https:\/\/dcs-chile.cl\/web\/index.php\/wp-json\/wp\/v2\/media?parent=37"}],"curies":[{"name":"wp","href":"https:\/\/api.w.org\/{rel}","templated":true}]}}