{"id":35,"date":"2024-11-11T18:52:49","date_gmt":"2024-11-11T18:52:49","guid":{"rendered":"https:\/\/dcs-chile.cl\/web\/?page_id=35"},"modified":"2024-12-31T19:06:45","modified_gmt":"2024-12-31T19:06:45","slug":"servicios-especializados","status":"publish","type":"page","link":"https:\/\/dcs-chile.cl\/web\/index.php\/servicios-especializados\/","title":{"rendered":"Servicios especializados"},"content":{"rendered":"<p>[et_pb_section fb_built=\u00bb1&#8243; admin_label=\u00bbsection\u00bb _builder_version=\u00bb4.27.4&#8243; background_image=\u00bbhttps:\/\/dcs-chile.cl\/web\/wp-content\/uploads\/2024\/12\/networkassessment.jpg\u00bb hover_enabled=\u00bb0&#8243; global_colors_info=\u00bb{}\u00bb theme_builder_area=\u00bbpost_content\u00bb sticky_enabled=\u00bb0&#8243; title_text=\u00bbnetworkassessment\u00bb custom_padding=\u00bb||150px|||\u00bb][et_pb_row admin_label=\u00bbrow\u00bb _builder_version=\u00bb4.16&#8243; background_size=\u00bbinitial\u00bb background_position=\u00bbtop_left\u00bb background_repeat=\u00bbrepeat\u00bb global_colors_info=\u00bb{}\u00bb theme_builder_area=\u00bbpost_content\u00bb][et_pb_column type=\u00bb4_4&#8243; _builder_version=\u00bb4.16&#8243; custom_padding=\u00bb|||\u00bb global_colors_info=\u00bb{}\u00bb custom_padding__hover=\u00bb|||\u00bb theme_builder_area=\u00bbpost_content\u00bb][et_pb_heading title=\u00bbServicios Especializados\u00bb _builder_version=\u00bb4.27.4&#8243; _module_preset=\u00bbdefault\u00bb title_text_color=\u00bb#FFFFFF\u00bb title_font_size=\u00bb78px\u00bb title_text_shadow_style=\u00bbpreset1&#8243; global_colors_info=\u00bb{}\u00bb theme_builder_area=\u00bbpost_content\u00bb][\/et_pb_heading][\/et_pb_column][\/et_pb_row][\/et_pb_section][et_pb_section fb_built=\u00bb1&#8243; _builder_version=\u00bb4.27.4&#8243; _module_preset=\u00bbdefault\u00bb min_height=\u00bb1211.5px\u00bb hover_enabled=\u00bb0&#8243; global_colors_info=\u00bb{}\u00bb theme_builder_area=\u00bbpost_content\u00bb sticky_enabled=\u00bb0&#8243; custom_margin=\u00bb0px|||||\u00bb][et_pb_row column_structure=\u00bb1_2,1_2&#8243; _builder_version=\u00bb4.27.4&#8243; _module_preset=\u00bbdefault\u00bb global_colors_info=\u00bb{}\u00bb theme_builder_area=\u00bbpost_content\u00bb][et_pb_column type=\u00bb1_2&#8243; _builder_version=\u00bb4.27.4&#8243; _module_preset=\u00bbdefault\u00bb global_colors_info=\u00bb{}\u00bb theme_builder_area=\u00bbpost_content\u00bb][et_pb_text _builder_version=\u00bb4.27.4&#8243; _module_preset=\u00bbdefault\u00bb hover_enabled=\u00bb0&#8243; global_colors_info=\u00bb{}\u00bb theme_builder_area=\u00bbpost_content\u00bb sticky_enabled=\u00bb0&#8243; custom_margin=\u00bb||17px|||\u00bb]<\/p>\n<h3>\u00bfPorque usar nuestros servicios especializados?<\/h3>\n<p>[\/et_pb_text][et_pb_text _builder_version=\u00bb4.27.4&#8243; _module_preset=\u00bbdefault\u00bb global_colors_info=\u00bb{}\u00bb theme_builder_area=\u00bbpost_content\u00bb]<\/p>\n<div class=\"col-md-6\">\n<div class=\"col-md-6\">Hoy la mayor\u00eda de las empresas poseen \u00e1reas de TI que est\u00e1n inmersas en la operatoria, y en el d\u00eda a d\u00eda de la compa\u00f1\u00eda, por lo que muchas veces esos les impide realizar el proceso de mejora continua, e incluso el paso previo que es el de analizar el estado de situaci\u00f3n del \u00e1rea.<\/div>\n<\/div>\n<p>[\/et_pb_text][\/et_pb_column][et_pb_column type=\u00bb1_2&#8243; _builder_version=\u00bb4.27.4&#8243; _module_preset=\u00bbdefault\u00bb global_colors_info=\u00bb{}\u00bb theme_builder_area=\u00bbpost_content\u00bb][et_pb_divider _builder_version=\u00bb4.27.4&#8243; _module_preset=\u00bbdefault\u00bb theme_builder_area=\u00bbpost_content\u00bb show_divider=\u00bboff\u00bb hover_enabled=\u00bb0&#8243; sticky_enabled=\u00bb0&#8243;][\/et_pb_divider][et_pb_divider _builder_version=\u00bb4.27.4&#8243; _module_preset=\u00bbdefault\u00bb theme_builder_area=\u00bbpost_content\u00bb show_divider=\u00bboff\u00bb hover_enabled=\u00bb0&#8243; sticky_enabled=\u00bb0&#8243;][\/et_pb_divider][et_pb_text _builder_version=\u00bb4.27.4&#8243; _module_preset=\u00bbdefault\u00bb hover_enabled=\u00bb0&#8243; global_colors_info=\u00bb{}\u00bb theme_builder_area=\u00bbpost_content\u00bb sticky_enabled=\u00bb0&#8243;]<\/p>\n<div class=\"col-md-6\">\n<div class=\"row\">\n<div class=\"col-md-6\" style=\"text-align: justify;\"><\/div>\n<div class=\"col-md-6\"><\/div>\n<div class=\"col-md-6\"><\/div>\n<div class=\"col-md-6\" style=\"text-align: justify;\"><strong>DCS<\/strong> pone a vuestra disposici\u00f3n consultor\u00eda experta, y un equipo de profesionales altamente calificado, con el conocimiento, experiencia y las certificaciones adecuadas al servicio a implementar, siempre bas\u00e1ndose en las mejores pr\u00e1cticas de mercado, aplicando metodolog\u00edas de trabajo comprobadas y exitosas.<\/div>\n<\/div>\n<div class=\"col-md-6\"><\/div>\n<\/div>\n<p>[\/et_pb_text][\/et_pb_column][\/et_pb_row][et_pb_row _builder_version=\u00bb4.27.4&#8243; _module_preset=\u00bbdefault\u00bb hover_enabled=\u00bb0&#8243; global_colors_info=\u00bb{}\u00bb theme_builder_area=\u00bbpost_content\u00bb sticky_enabled=\u00bb0&#8243;][et_pb_column type=\u00bb4_4&#8243; _builder_version=\u00bb4.27.4&#8243; _module_preset=\u00bbdefault\u00bb global_colors_info=\u00bb{}\u00bb theme_builder_area=\u00bbpost_content\u00bb][et_pb_text _builder_version=\u00bb4.27.4&#8243; _module_preset=\u00bbdefault\u00bb custom_margin=\u00bb-20px||||false|false\u00bb hover_enabled=\u00bb0&#8243; global_colors_info=\u00bb{}\u00bb theme_builder_area=\u00bbpost_content\u00bb sticky_enabled=\u00bb0&#8243;]<\/p>\n<h4>Consultor\u00eda en Redes<\/h4>\n<div class=\"col-md-4\"><\/div>\n<p>[\/et_pb_text][\/et_pb_column][\/et_pb_row][et_pb_row column_structure=\u00bb1_2,1_2&#8243; _builder_version=\u00bb4.27.4&#8243; _module_preset=\u00bbdefault\u00bb global_colors_info=\u00bb{}\u00bb theme_builder_area=\u00bbpost_content\u00bb][et_pb_column type=\u00bb1_2&#8243; _builder_version=\u00bb4.27.4&#8243; _module_preset=\u00bbdefault\u00bb global_colors_info=\u00bb{}\u00bb theme_builder_area=\u00bbpost_content\u00bb][et_pb_text _builder_version=\u00bb4.27.4&#8243; _module_preset=\u00bbdefault\u00bb custom_margin=\u00bb-20px||||false|false\u00bb hover_enabled=\u00bb0&#8243; global_colors_info=\u00bb{}\u00bb theme_builder_area=\u00bbpost_content\u00bb sticky_enabled=\u00bb0&#8243;]<\/p>\n<h5>Network Assessment<\/h5>\n<div class=\"col-md-4\"><\/div>\n<p>[\/et_pb_text][et_pb_text _builder_version=\u00bb4.27.4&#8243; _module_preset=\u00bbdefault\u00bb custom_margin=\u00bb-20px||||false|false\u00bb global_colors_info=\u00bb{}\u00bb theme_builder_area=\u00bbpost_content\u00bb]<\/p>\n<div class=\"col-md-6\" style=\"text-align: justify;\">Nuestro servicio <strong>Network Assessment<\/strong> es una evaluaci\u00f3n general de la red empresarial en t\u00e9rminos de conexiones f\u00edsicas, l\u00f3gicas y configuraci\u00f3n de dispositivos de red, con la intenci\u00f3n de determinar si el estado actual de la red se alinea con las necesidades del negocio o si representa un obst\u00e1culo para el mismo.<\/div>\n<div class=\"col-md-4\"><\/div>\n<p>[\/et_pb_text][\/et_pb_column][et_pb_column type=\u00bb1_2&#8243; _builder_version=\u00bb4.27.4&#8243; _module_preset=\u00bbdefault\u00bb global_colors_info=\u00bb{}\u00bb theme_builder_area=\u00bbpost_content\u00bb][et_pb_text _builder_version=\u00bb4.27.4&#8243; _module_preset=\u00bbdefault\u00bb custom_margin=\u00bb-20px||||false|false\u00bb hover_enabled=\u00bb0&#8243; global_colors_info=\u00bb{}\u00bb theme_builder_area=\u00bbpost_content\u00bb sticky_enabled=\u00bb0&#8243; custom_padding=\u00bb||0px|||\u00bb]<\/p>\n<h5>Entregables del servicio<\/h5>\n<ul><\/ul>\n<div class=\"col-md-4\"><\/div>\n<p>[\/et_pb_text][et_pb_text _builder_version=\u00bb4.27.4&#8243; _module_preset=\u00bbdefault\u00bb custom_margin=\u00bb-20px||||false|false\u00bb hover_enabled=\u00bb0&#8243; global_colors_info=\u00bb{}\u00bb theme_builder_area=\u00bbpost_content\u00bb sticky_enabled=\u00bb0&#8243;]<\/p>\n<ul>\n<li>Topolog\u00eda f\u00edsica y l\u00f3gica de las red.<\/li>\n<li>Reportes de visitas a los sitios de la compa\u00f1\u00eda con informaci\u00f3n sobre eventos y actividades realizadas.<\/li>\n<li>Informe de Network Assessment con la situaci\u00f3n actual de la red.<\/li>\n<li>Informe de mejoras con un an\u00e1lisis detallado sobre hallazgos, riesgos, vulnerabilidades y recomendaciones para mejorar el servicio.<\/li>\n<\/ul>\n<div class=\"col-md-4\"><\/div>\n<p>[\/et_pb_text][\/et_pb_column][\/et_pb_row][et_pb_row _builder_version=\u00bb4.27.4&#8243; _module_preset=\u00bbdefault\u00bb theme_builder_area=\u00bbpost_content\u00bb][et_pb_column _builder_version=\u00bb4.27.4&#8243; _module_preset=\u00bbdefault\u00bb type=\u00bb4_4&#8243; theme_builder_area=\u00bbpost_content\u00bb][et_pb_image src=\u00bbhttps:\/\/dcs-chile.cl\/web\/wp-content\/uploads\/2024\/12\/serviciosespeciales-1.jpg\u00bb _builder_version=\u00bb4.27.4&#8243; _module_preset=\u00bbdefault\u00bb theme_builder_area=\u00bbpost_content\u00bb title_text=\u00bbserviciosespeciales\u00bb hover_enabled=\u00bb0&#8243; sticky_enabled=\u00bb0&#8243;][\/et_pb_image][\/et_pb_column][\/et_pb_row][et_pb_row _builder_version=\u00bb4.27.4&#8243; _module_preset=\u00bbdefault\u00bb global_colors_info=\u00bb{}\u00bb theme_builder_area=\u00bbpost_content\u00bb][et_pb_column type=\u00bb4_4&#8243; _builder_version=\u00bb4.27.4&#8243; _module_preset=\u00bbdefault\u00bb global_colors_info=\u00bb{}\u00bb theme_builder_area=\u00bbpost_content\u00bb][et_pb_text _builder_version=\u00bb4.27.4&#8243; _module_preset=\u00bbdefault\u00bb hover_enabled=\u00bb0&#8243; global_colors_info=\u00bb{}\u00bb theme_builder_area=\u00bbpost_content\u00bb sticky_enabled=\u00bb0&#8243; custom_margin=\u00bb||-15px|||\u00bb]<\/p>\n<h2>WIFI Site survey<\/h2>\n<p>[\/et_pb_text][\/et_pb_column][\/et_pb_row][et_pb_row _builder_version=\u00bb4.27.4&#8243; _module_preset=\u00bbdefault\u00bb global_colors_info=\u00bb{}\u00bb theme_builder_area=\u00bbpost_content\u00bb][et_pb_column type=\u00bb4_4&#8243; _builder_version=\u00bb4.27.4&#8243; _module_preset=\u00bbdefault\u00bb global_colors_info=\u00bb{}\u00bb theme_builder_area=\u00bbpost_content\u00bb][et_pb_text _builder_version=\u00bb4.27.4&#8243; _module_preset=\u00bbdefault\u00bb hover_enabled=\u00bb0&#8243; global_colors_info=\u00bb{}\u00bb theme_builder_area=\u00bbpost_content\u00bb sticky_enabled=\u00bb0&#8243;]<\/p>\n<h4>Network Assessment<\/h4>\n<h3><\/h3>\n<p>[\/et_pb_text][\/et_pb_column][\/et_pb_row][et_pb_row column_structure=\u00bb1_2,1_2&#8243; _builder_version=\u00bb4.27.4&#8243; _module_preset=\u00bbdefault\u00bb custom_padding=\u00bb3px|||||\u00bb global_colors_info=\u00bb{}\u00bb theme_builder_area=\u00bbpost_content\u00bb][et_pb_column type=\u00bb1_2&#8243; _builder_version=\u00bb4.27.4&#8243; _module_preset=\u00bbdefault\u00bb global_colors_info=\u00bb{}\u00bb theme_builder_area=\u00bbpost_content\u00bb][et_pb_text _builder_version=\u00bb4.27.4&#8243; _module_preset=\u00bbdefault\u00bb theme_builder_area=\u00bbpost_content\u00bb hover_enabled=\u00bb0&#8243; sticky_enabled=\u00bb0&#8243;]<\/p>\n<p style=\"text-align: justify;\"><span><strong>Nuestro servicio Network Assessment<\/strong> es una evaluaci\u00f3n general de la red empresarial en t\u00e9rminos de conexiones f\u00edsicas, l\u00f3gicas y configuraci\u00f3n de dispositivos de red, con la intenci\u00f3n de determinar si el estado actual de la red se alinea con las necesidades del negocio o si representa un obst\u00e1culo para el mismo.<\/span><\/p>\n<p style=\"text-align: justify;\"><span><\/span><\/p>\n<div class=\"col-md-6\" style=\"text-align: justify;\">Nuestro servicio de <strong>\u00abSite Surveys\u00bb<\/strong> permite analizar la cobertura de la se\u00f1al, el ancho de banda, identifican fuentes de interferencias, puntos muertos, y el potencial para ofrecer <strong>\u00abroaming\u00bb<\/strong> en la red Wifi de su compa\u00f1\u00eda. Esto ayuda a determinar qu\u00e9 equipo inal\u00e1mbrico se deber\u00eda comprar, cu\u00e1ntos puntos de acceso hay que comprar, d\u00f3nde instalar \u00e9stos, y c\u00f3mo configurar cada uno para una cobertura \u00f3ptima para los usuarios finales de la red WLAN.<\/div>\n<p>[\/et_pb_text][\/et_pb_column][et_pb_column type=\u00bb1_2&#8243; _builder_version=\u00bb4.27.4&#8243; _module_preset=\u00bbdefault\u00bb global_colors_info=\u00bb{}\u00bb theme_builder_area=\u00bbpost_content\u00bb][et_pb_text _builder_version=\u00bb4.27.4&#8243; _module_preset=\u00bbdefault\u00bb hover_enabled=\u00bb0&#8243; global_colors_info=\u00bb{}\u00bb theme_builder_area=\u00bbpost_content\u00bb sticky_enabled=\u00bb0&#8243;]<\/p>\n<div class=\"col-md-4\">\n<ul>\n<li>Agregar dispositivos (direcci\u00f3n mac); login directo sin portal cautivo.<\/li>\n<li>Bloquear y agregar usuarios (direcci\u00f3n mac); via portal cautivo.<\/li>\n<li>Configurar cantidad m\u00e1xima de conexiones simultaneas.<\/li>\n<li>Configurar tiempo m\u00e1ximo de conexi\u00f3n e inactividad.<\/li>\n<li>Configurar URL de redirecci\u00f3n post login.<\/li>\n<li>Configurar ancho de banda m\u00e1ximo com\u00fan y por dispositivo<\/li>\n<li>Ver clientes conectados v\u00eda portal cautivo (con voucher o credenciales), estad\u00edsticas de conexi\u00f3n (duraci\u00f3n, bytes enviados\/recibidos).<\/li>\n<li>Ver logs de conexi\u00f3n (con voucher o credenciales). M\u00e1ximo 50 \u00faltimos logs.<\/li>\n<\/ul>\n<\/div>\n<div class=\"col-md-4\">\n<ul><\/ul>\n<\/div>\n<p>[\/et_pb_text][\/et_pb_column][\/et_pb_row][et_pb_row _builder_version=\u00bb4.27.4&#8243; _module_preset=\u00bbdefault\u00bb column_structure=\u00bb1_2,1_2&#8243; theme_builder_area=\u00bbpost_content\u00bb][et_pb_column _builder_version=\u00bb4.27.4&#8243; _module_preset=\u00bbdefault\u00bb type=\u00bb1_2&#8243; theme_builder_area=\u00bbpost_content\u00bb][et_pb_text _builder_version=\u00bb4.27.4&#8243; _module_preset=\u00bbdefault\u00bb hover_enabled=\u00bb0&#8243; global_colors_info=\u00bb{}\u00bb theme_builder_area=\u00bbpost_content\u00bb sticky_enabled=\u00bb0&#8243; custom_margin=\u00bb||15px|||\u00bb]<\/p>\n<h4>CCTV y Cableado Estructurado<\/h4>\n<h3><\/h3>\n<p>[\/et_pb_text][et_pb_text _builder_version=\u00bb4.27.4&#8243; _module_preset=\u00bbdefault\u00bb theme_builder_area=\u00bbpost_content\u00bb hover_enabled=\u00bb0&#8243; sticky_enabled=\u00bb0&#8243;]<\/p>\n<div class=\"col-md-6\">\n<div class=\"col-md-6\" style=\"text-align: justify;\">Nuestro servicio de cableado estructurado formado por un conjunto de elementos y procedimientos para la distribuci\u00f3n integral de las comunicaciones de empresa, tanto de voz como de datos o im\u00edgenes, est\u00e1 basado en la normalizaci\u00f3n y organizaci\u00f3n de todos los componentes de la instalaci\u00f3n, de acuerdo a la norma establecida para la categor\u00eda a instalar ANSI\/TIA\/EIA, y proporciona soporte a todas las necesidades de comunicaci\u00f3n de su empresa.<\/div>\n<\/div>\n<p>[\/et_pb_text][\/et_pb_column][et_pb_column _builder_version=\u00bb4.27.4&#8243; _module_preset=\u00bbdefault\u00bb type=\u00bb1_2&#8243; theme_builder_area=\u00bbpost_content\u00bb][et_pb_text _builder_version=\u00bb4.27.4&#8243; _module_preset=\u00bbdefault\u00bb hover_enabled=\u00bb0&#8243; global_colors_info=\u00bb{}\u00bb theme_builder_area=\u00bbpost_content\u00bb sticky_enabled=\u00bb0&#8243; custom_margin=\u00bb||-2px|||\u00bb]<\/p>\n<h4>Ventajas del Monitoreo<\/h4>\n<ul><\/ul>\n<h3><\/h3>\n<p>[\/et_pb_text][et_pb_text _builder_version=\u00bb4.27.4&#8243; _module_preset=\u00bbdefault\u00bb theme_builder_area=\u00bbpost_content\u00bb hover_enabled=\u00bb0&#8243; sticky_enabled=\u00bb0&#8243;]<\/p>\n<ul>\n<li>Detecci\u00f3n de problemas en etapa temprana<\/li>\n<li>Aumento de la disponibilidad<\/li>\n<li>Reducci\u00f3n de unplanned downtime<\/li>\n<li>Incremento de la productividad y eficiencia<\/li>\n<li>Asegurar cumplimiento de SLA<\/li>\n<li>Liberaci\u00f3n de horas hombres<\/li>\n<li>Dash Board inteligentes<\/li>\n<li>Manejo de alertas-alarmas-escalamientos<\/li>\n<\/ul>\n<p>[\/et_pb_text][\/et_pb_column][\/et_pb_row][et_pb_row _builder_version=\u00bb4.27.4&#8243; _module_preset=\u00bbdefault\u00bb column_structure=\u00bb1_2,1_2&#8243; theme_builder_area=\u00bbpost_content\u00bb][et_pb_column _builder_version=\u00bb4.27.4&#8243; _module_preset=\u00bbdefault\u00bb type=\u00bb1_2&#8243; theme_builder_area=\u00bbpost_content\u00bb][et_pb_text _builder_version=\u00bb4.27.4&#8243; _module_preset=\u00bbdefault\u00bb hover_enabled=\u00bb0&#8243; global_colors_info=\u00bb{}\u00bb theme_builder_area=\u00bbpost_content\u00bb sticky_enabled=\u00bb0&#8243; custom_margin=\u00bb||15px|||\u00bb]<\/p>\n<h4>Monitoreo<\/h4>\n<h3><\/h3>\n<p>[\/et_pb_text][et_pb_text _builder_version=\u00bb4.27.4&#8243; _module_preset=\u00bbdefault\u00bb theme_builder_area=\u00bbpost_content\u00bb hover_enabled=\u00bb0&#8243; sticky_enabled=\u00bb0&#8243;]<\/p>\n<div class=\"col-md-6\" style=\"text-align: justify;\">El monitoreo (Network, server, enlaces, red el\u00e9ctrica, equipos de clima, servicios, etc.) es importante para las empresas sin importar su tama\u00f1o o sector de la industria, pues es el mejor indicador de una operaci\u00f3n continua y fluida.<\/div>\n<p>[\/et_pb_text][\/et_pb_column][et_pb_column _builder_version=\u00bb4.27.4&#8243; _module_preset=\u00bbdefault\u00bb type=\u00bb1_2&#8243; theme_builder_area=\u00bbpost_content\u00bb][et_pb_text _builder_version=\u00bb4.27.4&#8243; _module_preset=\u00bbdefault\u00bb hover_enabled=\u00bb0&#8243; global_colors_info=\u00bb{}\u00bb theme_builder_area=\u00bbpost_content\u00bb sticky_enabled=\u00bb0&#8243; custom_margin=\u00bb||-2px|||\u00bb]<\/p>\n<h4>Ventajas del Monitoreo<\/h4>\n<ul><\/ul>\n<h3><\/h3>\n<p>[\/et_pb_text][et_pb_text _builder_version=\u00bb4.27.4&#8243; _module_preset=\u00bbdefault\u00bb theme_builder_area=\u00bbpost_content\u00bb hover_enabled=\u00bb0&#8243; sticky_enabled=\u00bb0&#8243;]<\/p>\n<ul>\n<li>Detecci\u00f3n de problemas en etapa temprana<\/li>\n<li>Aumento de la disponibilidad<\/li>\n<li>Reducci\u00f3n de unplanned downtime<\/li>\n<li>Incremento de la productividad y eficiencia<\/li>\n<li>Asegurar cumplimiento de SLA<\/li>\n<li>Liberaci\u00f3n de horas hombres<\/li>\n<li>Dash Board inteligentes<\/li>\n<li>Manejo de alertas-alarmas-escalamientos<\/li>\n<\/ul>\n<p>[\/et_pb_text][\/et_pb_column][\/et_pb_row][\/et_pb_section]<\/p>\n","protected":false},"excerpt":{"rendered":"<p>\u00bfPorque usar nuestros servicios especializados? Hoy la mayor\u00eda de las empresas poseen \u00e1reas de TI que est\u00e1n inmersas en la operatoria, y en el d\u00eda a d\u00eda de la compa\u00f1\u00eda, por lo que muchas veces esos les impide realizar el proceso de mejora continua, e incluso el paso previo que es el de analizar el [&hellip;]<\/p>\n","protected":false},"author":1,"featured_media":0,"parent":0,"menu_order":0,"comment_status":"closed","ping_status":"closed","template":"","meta":{"_et_pb_use_builder":"on","_et_pb_old_content":"<!-- wp:divi\/placeholder \/-->","_et_gb_content_width":"","footnotes":""},"class_list":["post-35","page","type-page","status-publish","hentry"],"jetpack_sharing_enabled":true,"_links":{"self":[{"href":"https:\/\/dcs-chile.cl\/web\/index.php\/wp-json\/wp\/v2\/pages\/35","targetHints":{"allow":["GET"]}}],"collection":[{"href":"https:\/\/dcs-chile.cl\/web\/index.php\/wp-json\/wp\/v2\/pages"}],"about":[{"href":"https:\/\/dcs-chile.cl\/web\/index.php\/wp-json\/wp\/v2\/types\/page"}],"author":[{"embeddable":true,"href":"https:\/\/dcs-chile.cl\/web\/index.php\/wp-json\/wp\/v2\/users\/1"}],"replies":[{"embeddable":true,"href":"https:\/\/dcs-chile.cl\/web\/index.php\/wp-json\/wp\/v2\/comments?post=35"}],"version-history":[{"count":6,"href":"https:\/\/dcs-chile.cl\/web\/index.php\/wp-json\/wp\/v2\/pages\/35\/revisions"}],"predecessor-version":[{"id":185,"href":"https:\/\/dcs-chile.cl\/web\/index.php\/wp-json\/wp\/v2\/pages\/35\/revisions\/185"}],"wp:attachment":[{"href":"https:\/\/dcs-chile.cl\/web\/index.php\/wp-json\/wp\/v2\/media?parent=35"}],"curies":[{"name":"wp","href":"https:\/\/api.w.org\/{rel}","templated":true}]}}