{"id":260,"date":"2025-09-12T14:41:04","date_gmt":"2025-09-12T14:41:04","guid":{"rendered":"https:\/\/dcs-chile.cl\/web\/?page_id=260"},"modified":"2025-09-25T12:18:33","modified_gmt":"2025-09-25T12:18:33","slug":"implementacion-sgsi","status":"publish","type":"page","link":"https:\/\/dcs-chile.cl\/web\/index.php\/implementacion-sgsi\/","title":{"rendered":"Implementaci\u00f3n SGSI"},"content":{"rendered":"<p>[et_pb_section fb_built=\u00bb1&#8243; admin_label=\u00bbsection\u00bb _builder_version=\u00bb4.27.4&#8243; background_image=\u00bbhttps:\/\/dcs-chile.cl\/web\/wp-content\/uploads\/2025\/01\/reclutamiento.png\u00bb custom_padding=\u00bb||134px|||\u00bb global_colors_info=\u00bb{}\u00bb][et_pb_row admin_label=\u00bbrow\u00bb _builder_version=\u00bb4.16&#8243; background_size=\u00bbinitial\u00bb background_position=\u00bbtop_left\u00bb background_repeat=\u00bbrepeat\u00bb global_colors_info=\u00bb{}\u00bb][et_pb_column type=\u00bb4_4&#8243; _builder_version=\u00bb4.16&#8243; custom_padding=\u00bb|||\u00bb global_colors_info=\u00bb{}\u00bb custom_padding__hover=\u00bb|||\u00bb][et_pb_heading title=\u00bbImplementaci\u00f3n SGSI bajo ISO 27001:2022&#8243; _builder_version=\u00bb4.27.4&#8243; _module_preset=\u00bbdefault\u00bb title_text_color=\u00bb#FFFFFF\u00bb title_font_size=\u00bb78px\u00bb title_text_shadow_style=\u00bbpreset1&#8243; global_colors_info=\u00bb{}\u00bb][\/et_pb_heading][\/et_pb_column][\/et_pb_row][\/et_pb_section][et_pb_section fb_built=\u00bb1&#8243; _builder_version=\u00bb4.27.4&#8243; _module_preset=\u00bbdefault\u00bb global_colors_info=\u00bb{}\u00bb][et_pb_row _builder_version=\u00bb4.27.4&#8243; _module_preset=\u00bbdefault\u00bb global_colors_info=\u00bb{}\u00bb][et_pb_column type=\u00bb4_4&#8243; _builder_version=\u00bb4.27.4&#8243; _module_preset=\u00bbdefault\u00bb global_colors_info=\u00bb{}\u00bb][et_pb_text _builder_version=\u00bb4.27.4&#8243; _module_preset=\u00bbdefault\u00bb global_colors_info=\u00bb{}\u00bb]<\/p>\n<h2><strong>Implementaci\u00f3n SGSI bajo ISO 27001:2022<\/strong><\/h2>\n<p>[\/et_pb_text][\/et_pb_column][\/et_pb_row][et_pb_row column_structure=\u00bb3_5,2_5&#8243; _builder_version=\u00bb4.27.4&#8243; _module_preset=\u00bbdefault\u00bb global_colors_info=\u00bb{}\u00bb][et_pb_column type=\u00bb3_5&#8243; _builder_version=\u00bb4.27.4&#8243; _module_preset=\u00bbdefault\u00bb global_colors_info=\u00bb{}\u00bb][et_pb_text _builder_version=\u00bb4.27.4&#8243; _module_preset=\u00bbdefault\u00bb global_colors_info=\u00bb{}\u00bb]<\/p>\n<p style=\"text-align: justify;\"><span>La est\u00e1ndar internacional <strong>ISO\/IEC 27001:2022<\/strong>, certificable para todo tipo de empresa, es una norma hecha con el prop\u00f3sito de proporcionar los requisitos para el establecimiento, implementaci\u00f3n mantenimiento y mejora continua de un Sistema de Gesti\u00f3n de Seguridad de la Informaci\u00f3n (SGSI). La adopci\u00f3n de un SGSI es una decisi\u00f3n estrat\u00e9gica para toda organizaci\u00f3n.<\/span><\/p>\n<p>Entre los mayores beneficios de la implementaci\u00f3n de esta normal internacional se encuentran:<\/p>\n<p>[\/et_pb_text][et_pb_text _builder_version=\u00bb4.27.4&#8243; _module_preset=\u00bbdefault\u00bb global_colors_info=\u00bb{}\u00bb]<\/p>\n<ol>\n<li style=\"text-align: justify;\"><span><span><strong>Protecci\u00f3n de la informaci\u00f3n:<\/strong>\u00a0Garantizar la tr\u00edada de la seguridad de la informaci\u00f3n. Es decir, confidencialidad, integridad y disponibilidad de los datos e informaci\u00f3n.<\/span><\/span>\n<p>&nbsp;<\/p>\n<\/li>\n<li style=\"text-align: justify;\"><span><span><strong>Mejorar la confianza de las partes interesadas:<\/strong>\u00a0Demostrar compromiso de la organizaci\u00f3n con las mejores pr\u00e1cticas de seguridad de la informaci\u00f3n de cara a reguladores, clientes, proveedores y socios estrat\u00e9gicos, entre otros.<\/span><\/span>\n<p>&nbsp;<\/p>\n<\/li>\n<li style=\"text-align: justify;\"><span><strong>Mitigaci\u00f3n de riesgos:<\/strong> Reduce significativamente los riesgos de seguridad de la informaci\u00f3n, pudiendo enfrentar de manera \u00f3ptima incidentes de ciberseguridad y evitar p\u00e9rdida financiera por malas decisiones frente a escenarios disruptivos o en la toma de decisiones.<br \/><\/span><\/li>\n<\/ol>\n<ul style=\"text-align: justify;\"><\/ul>\n<p>[\/et_pb_text][\/et_pb_column][et_pb_column type=\u00bb2_5&#8243; _builder_version=\u00bb4.27.4&#8243; _module_preset=\u00bbdefault\u00bb global_colors_info=\u00bb{}\u00bb][et_pb_image src=\u00bbhttps:\/\/dcs-chile.cl\/web\/wp-content\/uploads\/2025\/09\/sgsi.png\u00bb title_text=\u00bbsgsi\u00bb _builder_version=\u00bb4.27.4&#8243; _module_preset=\u00bbdefault\u00bb global_colors_info=\u00bb{}\u00bb][\/et_pb_image][et_pb_text _builder_version=\u00bb4.27.4&#8243; _module_preset=\u00bbdefault\u00bb global_colors_info=\u00bb{}\u00bb]<\/p>\n<p style=\"text-align: justify;\"><span>4. <strong>Alcance amplio:<\/strong> Aplica a todo tipo de informaci\u00f3n (digital o f\u00edsica) y a organizaciones de cualquier tama\u00f1o o sector, mejorando su imagen y reputaci\u00f3n dentro del mercado.<\/span><\/p>\n<p>[\/et_pb_text][\/et_pb_column][\/et_pb_row][\/et_pb_section][et_pb_section fb_built=\u00bb1&#8243; _builder_version=\u00bb4.27.4&#8243; _module_preset=\u00bbdefault\u00bb global_colors_info=\u00bb{}\u00bb][et_pb_row column_structure=\u00bb1_2,1_2&#8243; _builder_version=\u00bb4.27.4&#8243; _module_preset=\u00bbdefault\u00bb global_colors_info=\u00bb{}\u00bb][et_pb_column type=\u00bb1_2&#8243; _builder_version=\u00bb4.27.4&#8243; _module_preset=\u00bbdefault\u00bb global_colors_info=\u00bb{}\u00bb][et_pb_image src=\u00bbhttps:\/\/dcs-chile.cl\/web\/wp-content\/uploads\/2025\/09\/checklist.jpg\u00bb title_text=\u00bbchecklist\u00bb _builder_version=\u00bb4.27.4&#8243; _module_preset=\u00bbdefault\u00bb hover_enabled=\u00bb0&#8243; global_colors_info=\u00bb{}\u00bb sticky_enabled=\u00bb0&#8243;][\/et_pb_image][\/et_pb_column][et_pb_column type=\u00bb1_2&#8243; _builder_version=\u00bb4.27.4&#8243; _module_preset=\u00bbdefault\u00bb global_colors_info=\u00bb{}\u00bb][et_pb_text _builder_version=\u00bb4.27.4&#8243; _module_preset=\u00bbdefault\u00bb global_colors_info=\u00bb{}\u00bb]<\/p>\n<h2><strong><span>Entregables del servicio<\/span><\/strong><\/h2>\n<p>[\/et_pb_text][et_pb_text _builder_version=\u00bb4.27.4&#8243; _module_preset=\u00bbdefault\u00bb global_colors_info=\u00bb{}\u00bb]<\/p>\n<ol>\n<li><span>An\u00e1lisis FODA y PESTLE<\/span><\/li>\n<li><span>Alcance del SGSI<\/span><\/li>\n<li><span>Pol\u00edtica de seguridad de la informaci\u00f3n<\/span><\/li>\n<li><span>Declaraci\u00f3n de roles y responsabilidades de seguridad de la informaci\u00f3n<\/span><\/li>\n<li><span>Matriz de inventario y clasificaci\u00f3n de activos<\/span><\/li>\n<li><span>Metodolog\u00eda de riesgo<\/span><\/li>\n<li><span>Matriz de evaluaci\u00f3n y tratamiento de riesgo<\/span><\/li>\n<li><span>Declaraci\u00f3n o estamento de aplicabilidad (SOA)<\/span><\/li>\n<li><span>Pol\u00edticas y procedimientos espec\u00edficos de seguridad de la informaci\u00f3n<\/span><\/li>\n<li><span>Programa de Auditor\u00eda<\/span><\/li>\n<li><span>Plan de Mejora y Acciones Correctivas<\/span><\/li>\n<\/ol>\n<p>[\/et_pb_text][\/et_pb_column][\/et_pb_row][\/et_pb_section][et_pb_section fb_built=\u00bb1&#8243; _builder_version=\u00bb4.27.4&#8243; _module_preset=\u00bbdefault\u00bb background_color=\u00bb#f4f4f4&#8243; global_colors_info=\u00bb{}\u00bb][et_pb_row column_structure=\u00bb2_5,3_5&#8243; _builder_version=\u00bb4.27.4&#8243; _module_preset=\u00bbdefault\u00bb global_colors_info=\u00bb{}\u00bb][et_pb_column type=\u00bb2_5&#8243; _builder_version=\u00bb4.27.4&#8243; _module_preset=\u00bbdefault\u00bb global_colors_info=\u00bb{}\u00bb][et_pb_image src=\u00bbhttps:\/\/dcs-chile.cl\/web\/wp-content\/uploads\/2025\/09\/sgsiactividades.png\u00bb title_text=\u00bbsgsiactividades\u00bb _builder_version=\u00bb4.27.4&#8243; _module_preset=\u00bbdefault\u00bb global_colors_info=\u00bb{}\u00bb][\/et_pb_image][et_pb_text _builder_version=\u00bb4.27.4&#8243; _module_preset=\u00bbdefault\u00bb global_colors_info=\u00bb{}\u00bb][\/et_pb_text][\/et_pb_column][et_pb_column type=\u00bb3_5&#8243; _builder_version=\u00bb4.27.4&#8243; _module_preset=\u00bbdefault\u00bb global_colors_info=\u00bb{}\u00bb][et_pb_text _builder_version=\u00bb4.27.4&#8243; _module_preset=\u00bbdefault\u00bb global_colors_info=\u00bb{}\u00bb]<\/p>\n<h2><strong><span>Actividades del servicio<\/span><\/strong><\/h2>\n<p>[\/et_pb_text][et_pb_text _builder_version=\u00bb4.27.4&#8243; _module_preset=\u00bbdefault\u00bb global_colors_info=\u00bb{}\u00bb]<\/p>\n<ol>\n<li><span>Establecer objetivos estrat\u00e9gicos, comerciales y de seguridad de la organizaci\u00f3n<\/span><\/li>\n<li><span>Efectuar an\u00e1lisis FODA y PESTEL de la organizaci\u00f3n<\/span><\/li>\n<li><span>Determinar todas las partes interesadas, internas y externas, del negocio<\/span><\/li>\n<li><span>Conformaci\u00f3n de roles y responsabilidades en ciberseguridad, incluyendo grupos de apoyo<\/span><\/li>\n<li><span>Levantar o actualizar inventario completo de activos de la organizaci\u00f3n<\/span><\/li>\n<li><span>Determinar escenarios y nivel de riesgo de la organizaci\u00f3n, as\u00ed como amenazas y vulnerabilidades<\/span><\/li>\n<li><span>Elaboraci\u00f3n y revisi\u00f3n de pol\u00edticas y procedimientos de seguridad de la informaci\u00f3n<\/span><\/li>\n<li><span>Elaborar un plan de capacitaci\u00f3n y concienciaci\u00f3n en seguridad<\/span><\/li>\n<li><span>Adoptar un marco de ciberseguridad adecuado para implementar las pr\u00e1cticas y controles de seguridad<\/span><\/li>\n<li><span>Evaluar medidas y controles tecnol\u00f3gicos y f\u00edsicos ya implementados<\/span><\/li>\n<li><span>Elaborar un programa de auditor\u00eda<\/span><\/li>\n<li><span>Efectuar mejoras y acciones correctivas<\/span><\/li>\n<li><span>Dar conformidad y aprobaci\u00f3n al trabajo efectuado por la parte de la alta direcci\u00f3n<\/span><\/li>\n<\/ol>\n<p>[\/et_pb_text][\/et_pb_column][\/et_pb_row][\/et_pb_section]<\/p>\n","protected":false},"excerpt":{"rendered":"<p>Implementaci\u00f3n SGSI bajo ISO 27001:2022La est\u00e1ndar internacional ISO\/IEC 27001:2022, certificable para todo tipo de empresa, es una norma hecha con el prop\u00f3sito de proporcionar los requisitos para el establecimiento, implementaci\u00f3n mantenimiento y mejora continua de un Sistema de Gesti\u00f3n de Seguridad de la Informaci\u00f3n (SGSI). La adopci\u00f3n de un SGSI es una decisi\u00f3n estrat\u00e9gica para [&hellip;]<\/p>\n","protected":false},"author":1,"featured_media":0,"parent":0,"menu_order":0,"comment_status":"closed","ping_status":"closed","template":"","meta":{"_et_pb_use_builder":"on","_et_pb_old_content":"<!-- wp:divi\/placeholder \/-->","_et_gb_content_width":"","footnotes":""},"class_list":["post-260","page","type-page","status-publish","hentry"],"jetpack_sharing_enabled":true,"_links":{"self":[{"href":"https:\/\/dcs-chile.cl\/web\/index.php\/wp-json\/wp\/v2\/pages\/260","targetHints":{"allow":["GET"]}}],"collection":[{"href":"https:\/\/dcs-chile.cl\/web\/index.php\/wp-json\/wp\/v2\/pages"}],"about":[{"href":"https:\/\/dcs-chile.cl\/web\/index.php\/wp-json\/wp\/v2\/types\/page"}],"author":[{"embeddable":true,"href":"https:\/\/dcs-chile.cl\/web\/index.php\/wp-json\/wp\/v2\/users\/1"}],"replies":[{"embeddable":true,"href":"https:\/\/dcs-chile.cl\/web\/index.php\/wp-json\/wp\/v2\/comments?post=260"}],"version-history":[{"count":5,"href":"https:\/\/dcs-chile.cl\/web\/index.php\/wp-json\/wp\/v2\/pages\/260\/revisions"}],"predecessor-version":[{"id":330,"href":"https:\/\/dcs-chile.cl\/web\/index.php\/wp-json\/wp\/v2\/pages\/260\/revisions\/330"}],"wp:attachment":[{"href":"https:\/\/dcs-chile.cl\/web\/index.php\/wp-json\/wp\/v2\/media?parent=260"}],"curies":[{"name":"wp","href":"https:\/\/api.w.org\/{rel}","templated":true}]}}